{"id":303,"date":"2023-11-27T23:24:35","date_gmt":"2023-11-27T22:24:35","guid":{"rendered":"https:\/\/servidoil.com\/?page_id=303"},"modified":"2024-10-14T11:58:32","modified_gmt":"2024-10-14T16:58:32","slug":"cabeza-y-cara","status":"publish","type":"page","link":"https:\/\/servidoil.com\/index.php\/cabeza-y-cara\/","title":{"rendered":"Cabeza y cara"},"content":{"rendered":"\t\t<div data-elementor-type=\"wp-page\" data-elementor-id=\"303\" class=\"elementor elementor-303\" data-elementor-post-type=\"page\">\n\t\t\t\t\t\t\t\t\t<section class=\"elementor-section elementor-top-section elementor-element elementor-element-32852b4 elementor-section-boxed elementor-section-height-default elementor-section-height-default\" data-id=\"32852b4\" data-element_type=\"section\" data-settings=\"{&quot;background_background&quot;:&quot;classic&quot;}\">\n\t\t\t\t\t\t<div class=\"elementor-container elementor-column-gap-default\">\n\t\t\t\t\t<div class=\"elementor-column elementor-col-100 elementor-top-column elementor-element elementor-element-12d3d9d\" data-id=\"12d3d9d\" data-element_type=\"column\">\n\t\t\t<div class=\"elementor-widget-wrap elementor-element-populated\">\n\t\t\t\t\t\t\t\t<div class=\"elementor-element elementor-element-ebc8581 elementor-widget elementor-widget-heading\" data-id=\"ebc8581\" data-element_type=\"widget\" data-widget_type=\"heading.default\">\n\t\t\t\t<div class=\"elementor-widget-container\">\n\t\t\t<style>\/*! elementor - v3.15.0 - 20-08-2023 *\/\n.elementor-heading-title{padding:0;margin:0;line-height:1}.elementor-widget-heading .elementor-heading-title[class*=elementor-size-]>a{color:inherit;font-size:inherit;line-height:inherit}.elementor-widget-heading .elementor-heading-title.elementor-size-small{font-size:15px}.elementor-widget-heading .elementor-heading-title.elementor-size-medium{font-size:19px}.elementor-widget-heading .elementor-heading-title.elementor-size-large{font-size:29px}.elementor-widget-heading .elementor-heading-title.elementor-size-xl{font-size:39px}.elementor-widget-heading .elementor-heading-title.elementor-size-xxl{font-size:59px}<\/style><h2 class=\"elementor-heading-title elementor-size-default\">Protecci\u00f3n facial y para cabeza<\/h2>\t\t<\/div>\n\t\t\t\t<\/div>\n\t\t\t\t\t<\/div>\n\t\t<\/div>\n\t\t\t\t\t\t\t<\/div>\n\t\t<\/section>\n\t\t\t\t<section class=\"elementor-section elementor-top-section elementor-element elementor-element-924e8e0 elementor-section-height-min-height elementor-section-boxed elementor-section-height-default elementor-section-items-middle\" data-id=\"924e8e0\" data-element_type=\"section\">\n\t\t\t\t\t\t<div class=\"elementor-container elementor-column-gap-default\">\n\t\t\t\t\t<div class=\"elementor-column elementor-col-100 elementor-top-column elementor-element elementor-element-d94c5bc\" data-id=\"d94c5bc\" data-element_type=\"column\">\n\t\t\t<div class=\"elementor-widget-wrap\">\n\t\t\t\t\t\t\t\t\t<\/div>\n\t\t<\/div>\n\t\t\t\t\t\t\t<\/div>\n\t\t<\/section>\n\t\t\t\t<section class=\"elementor-section elementor-top-section elementor-element elementor-element-5edafe9 elementor-section-height-min-height elementor-section-items-stretch elementor-section-boxed elementor-section-height-default\" data-id=\"5edafe9\" data-element_type=\"section\">\n\t\t\t\t\t\t<div class=\"elementor-container elementor-column-gap-default\">\n\t\t\t\t\t<div class=\"elementor-column elementor-col-25 elementor-top-column elementor-element elementor-element-083c0aa\" data-id=\"083c0aa\" data-element_type=\"column\">\n\t\t\t<div class=\"elementor-widget-wrap elementor-element-populated\">\n\t\t\t\t\t\t\t\t<div class=\"elementor-element elementor-element-aca3fc4 elementor-widget elementor-widget-image\" data-id=\"aca3fc4\" data-element_type=\"widget\" data-settings=\"{&quot;_animation&quot;:&quot;none&quot;}\" data-widget_type=\"image.default\">\n\t\t\t\t<div class=\"elementor-widget-container\">\n\t\t\t<style>\/*! elementor - v3.15.0 - 20-08-2023 *\/\n.elementor-widget-image{text-align:center}.elementor-widget-image a{display:inline-block}.elementor-widget-image a img[src$=\".svg\"]{width:48px}.elementor-widget-image img{vertical-align:middle;display:inline-block}<\/style>\t\t\t\t\t\t\t\t\t\t\t\t<img decoding=\"async\" loading=\"lazy\" width=\"444\" height=\"522\" src=\"https:\/\/servidoil.com\/wp-content\/uploads\/2023\/11\/1-2.png\" class=\"attachment-large size-large wp-image-311\" alt=\"\" srcset=\"https:\/\/servidoil.com\/wp-content\/uploads\/2023\/11\/1-2.png 444w, https:\/\/servidoil.com\/wp-content\/uploads\/2023\/11\/1-2-255x300.png 255w\" sizes=\"(max-width: 444px) 100vw, 444px\" \/>\t\t\t\t\t\t\t\t\t\t\t\t\t\t\t<\/div>\n\t\t\t\t<\/div>\n\t\t\t\t\t<\/div>\n\t\t<\/div>\n\t\t\t\t<div class=\"elementor-column elementor-col-25 elementor-top-column elementor-element elementor-element-f59de45\" data-id=\"f59de45\" data-element_type=\"column\">\n\t\t\t<div class=\"elementor-widget-wrap elementor-element-populated\">\n\t\t\t\t\t\t\t\t<div class=\"elementor-element elementor-element-ca39dc1 elementor-widget elementor-widget-image\" data-id=\"ca39dc1\" data-element_type=\"widget\" data-settings=\"{&quot;_animation&quot;:&quot;none&quot;}\" data-widget_type=\"image.default\">\n\t\t\t\t<div class=\"elementor-widget-container\">\n\t\t\t\t\t\t\t\t\t\t\t\t\t\t\t<img decoding=\"async\" loading=\"lazy\" width=\"444\" height=\"522\" src=\"https:\/\/servidoil.com\/wp-content\/uploads\/2023\/11\/2.png\" class=\"attachment-large size-large wp-image-315\" alt=\"\" srcset=\"https:\/\/servidoil.com\/wp-content\/uploads\/2023\/11\/2.png 444w, https:\/\/servidoil.com\/wp-content\/uploads\/2023\/11\/2-255x300.png 255w\" sizes=\"(max-width: 444px) 100vw, 444px\" \/>\t\t\t\t\t\t\t\t\t\t\t\t\t\t\t<\/div>\n\t\t\t\t<\/div>\n\t\t\t\t\t<\/div>\n\t\t<\/div>\n\t\t\t\t<div class=\"elementor-column elementor-col-25 elementor-top-column elementor-element elementor-element-c36d698\" data-id=\"c36d698\" data-element_type=\"column\">\n\t\t\t<div class=\"elementor-widget-wrap elementor-element-populated\">\n\t\t\t\t\t\t\t\t<div class=\"elementor-element elementor-element-785d7b2 elementor-widget elementor-widget-image\" data-id=\"785d7b2\" data-element_type=\"widget\" data-settings=\"{&quot;_animation&quot;:&quot;none&quot;}\" data-widget_type=\"image.default\">\n\t\t\t\t<div class=\"elementor-widget-container\">\n\t\t\t\t\t\t\t\t\t\t\t\t\t\t\t<img decoding=\"async\" loading=\"lazy\" width=\"444\" height=\"522\" src=\"https:\/\/servidoil.com\/wp-content\/uploads\/2023\/11\/3.png\" class=\"attachment-large size-large wp-image-319\" alt=\"\" srcset=\"https:\/\/servidoil.com\/wp-content\/uploads\/2023\/11\/3.png 444w, https:\/\/servidoil.com\/wp-content\/uploads\/2023\/11\/3-255x300.png 255w\" sizes=\"(max-width: 444px) 100vw, 444px\" \/>\t\t\t\t\t\t\t\t\t\t\t\t\t\t\t<\/div>\n\t\t\t\t<\/div>\n\t\t\t\t\t<\/div>\n\t\t<\/div>\n\t\t\t\t<div class=\"elementor-column elementor-col-25 elementor-top-column elementor-element elementor-element-2dd6ba9\" data-id=\"2dd6ba9\" data-element_type=\"column\">\n\t\t\t<div class=\"elementor-widget-wrap elementor-element-populated\">\n\t\t\t\t\t\t\t\t<div class=\"elementor-element elementor-element-03591dc elementor-widget elementor-widget-image\" data-id=\"03591dc\" data-element_type=\"widget\" data-settings=\"{&quot;_animation&quot;:&quot;none&quot;}\" data-widget_type=\"image.default\">\n\t\t\t\t<div class=\"elementor-widget-container\">\n\t\t\t\t\t\t\t\t\t\t\t\t\t\t\t<img decoding=\"async\" loading=\"lazy\" width=\"444\" height=\"522\" src=\"https:\/\/servidoil.com\/wp-content\/uploads\/2023\/11\/4.png\" class=\"attachment-large size-large wp-image-323\" alt=\"\" srcset=\"https:\/\/servidoil.com\/wp-content\/uploads\/2023\/11\/4.png 444w, https:\/\/servidoil.com\/wp-content\/uploads\/2023\/11\/4-255x300.png 255w\" sizes=\"(max-width: 444px) 100vw, 444px\" \/>\t\t\t\t\t\t\t\t\t\t\t\t\t\t\t<\/div>\n\t\t\t\t<\/div>\n\t\t\t\t\t<\/div>\n\t\t<\/div>\n\t\t\t\t\t\t\t<\/div>\n\t\t<\/section>\n\t\t\t\t<section class=\"elementor-section elementor-top-section elementor-element elementor-element-a8f0017 elementor-section-height-min-height elementor-section-boxed elementor-section-height-default elementor-section-items-middle\" data-id=\"a8f0017\" data-element_type=\"section\">\n\t\t\t\t\t\t<div class=\"elementor-container elementor-column-gap-default\">\n\t\t\t\t\t<div class=\"elementor-column elementor-col-25 elementor-top-column elementor-element elementor-element-3162916\" data-id=\"3162916\" data-element_type=\"column\">\n\t\t\t<div class=\"elementor-widget-wrap elementor-element-populated\">\n\t\t\t\t\t\t\t\t<div class=\"elementor-element elementor-element-1c536ca elementor-widget elementor-widget-image\" data-id=\"1c536ca\" data-element_type=\"widget\" data-widget_type=\"image.default\">\n\t\t\t\t<div class=\"elementor-widget-container\">\n\t\t\t\t\t\t\t\t\t\t\t\t\t\t\t<img decoding=\"async\" loading=\"lazy\" width=\"444\" height=\"522\" src=\"https:\/\/servidoil.com\/wp-content\/uploads\/2023\/11\/5-1.png\" class=\"attachment-large size-large wp-image-344\" alt=\"\" srcset=\"https:\/\/servidoil.com\/wp-content\/uploads\/2023\/11\/5-1.png 444w, https:\/\/servidoil.com\/wp-content\/uploads\/2023\/11\/5-1-255x300.png 255w\" sizes=\"(max-width: 444px) 100vw, 444px\" \/>\t\t\t\t\t\t\t\t\t\t\t\t\t\t\t<\/div>\n\t\t\t\t<\/div>\n\t\t\t\t\t<\/div>\n\t\t<\/div>\n\t\t\t\t<div class=\"elementor-column elementor-col-25 elementor-top-column elementor-element elementor-element-79c5dc0\" data-id=\"79c5dc0\" data-element_type=\"column\">\n\t\t\t<div class=\"elementor-widget-wrap elementor-element-populated\">\n\t\t\t\t\t\t\t\t<div class=\"elementor-element elementor-element-9022ed7 elementor-widget elementor-widget-image\" data-id=\"9022ed7\" data-element_type=\"widget\" data-widget_type=\"image.default\">\n\t\t\t\t<div class=\"elementor-widget-container\">\n\t\t\t\t\t\t\t\t\t\t\t\t\t\t\t<img decoding=\"async\" loading=\"lazy\" width=\"444\" height=\"522\" src=\"https:\/\/servidoil.com\/wp-content\/uploads\/2023\/11\/9.png\" class=\"attachment-large size-large wp-image-363\" alt=\"\" srcset=\"https:\/\/servidoil.com\/wp-content\/uploads\/2023\/11\/9.png 444w, https:\/\/servidoil.com\/wp-content\/uploads\/2023\/11\/9-255x300.png 255w\" sizes=\"(max-width: 444px) 100vw, 444px\" \/>\t\t\t\t\t\t\t\t\t\t\t\t\t\t\t<\/div>\n\t\t\t\t<\/div>\n\t\t\t\t\t<\/div>\n\t\t<\/div>\n\t\t\t\t<div class=\"elementor-column elementor-col-25 elementor-top-column elementor-element elementor-element-9a8eba9\" data-id=\"9a8eba9\" data-element_type=\"column\">\n\t\t\t<div class=\"elementor-widget-wrap elementor-element-populated\">\n\t\t\t\t\t\t\t\t<div class=\"elementor-element elementor-element-47c7970 elementor-widget elementor-widget-image\" data-id=\"47c7970\" data-element_type=\"widget\" data-widget_type=\"image.default\">\n\t\t\t\t<div class=\"elementor-widget-container\">\n\t\t\t\t\t\t\t\t\t\t\t\t\t\t\t<img decoding=\"async\" loading=\"lazy\" width=\"444\" height=\"522\" src=\"https:\/\/servidoil.com\/wp-content\/uploads\/2023\/11\/7.png\" class=\"attachment-large size-large wp-image-349\" alt=\"\" srcset=\"https:\/\/servidoil.com\/wp-content\/uploads\/2023\/11\/7.png 444w, https:\/\/servidoil.com\/wp-content\/uploads\/2023\/11\/7-255x300.png 255w\" sizes=\"(max-width: 444px) 100vw, 444px\" \/>\t\t\t\t\t\t\t\t\t\t\t\t\t\t\t<\/div>\n\t\t\t\t<\/div>\n\t\t\t\t\t<\/div>\n\t\t<\/div>\n\t\t\t\t<div class=\"elementor-column elementor-col-25 elementor-top-column elementor-element elementor-element-451e0af\" data-id=\"451e0af\" data-element_type=\"column\">\n\t\t\t<div class=\"elementor-widget-wrap elementor-element-populated\">\n\t\t\t\t\t\t\t\t<div class=\"elementor-element elementor-element-a22b433 elementor-widget elementor-widget-image\" data-id=\"a22b433\" data-element_type=\"widget\" data-widget_type=\"image.default\">\n\t\t\t\t<div class=\"elementor-widget-container\">\n\t\t\t\t\t\t\t\t\t\t\t\t\t\t\t<img decoding=\"async\" loading=\"lazy\" width=\"444\" height=\"522\" src=\"https:\/\/servidoil.com\/wp-content\/uploads\/2023\/11\/8.png\" class=\"attachment-large size-large wp-image-353\" alt=\"\" srcset=\"https:\/\/servidoil.com\/wp-content\/uploads\/2023\/11\/8.png 444w, https:\/\/servidoil.com\/wp-content\/uploads\/2023\/11\/8-255x300.png 255w\" sizes=\"(max-width: 444px) 100vw, 444px\" \/>\t\t\t\t\t\t\t\t\t\t\t\t\t\t\t<\/div>\n\t\t\t\t<\/div>\n\t\t\t\t\t<\/div>\n\t\t<\/div>\n\t\t\t\t\t\t\t<\/div>\n\t\t<\/section>\n\t\t\t\t<section class=\"elementor-section elementor-top-section elementor-element elementor-element-a1b10df elementor-section-boxed elementor-section-height-default elementor-section-height-default\" data-id=\"a1b10df\" data-element_type=\"section\">\n\t\t\t\t\t\t<div class=\"elementor-container elementor-column-gap-default\">\n\t\t\t\t\t<div class=\"elementor-column elementor-col-33 elementor-top-column elementor-element elementor-element-d51a74f\" data-id=\"d51a74f\" data-element_type=\"column\">\n\t\t\t<div class=\"elementor-widget-wrap elementor-element-populated\">\n\t\t\t\t\t\t\t\t<div class=\"elementor-element elementor-element-6f89f69 elementor-widget elementor-widget-image\" data-id=\"6f89f69\" data-element_type=\"widget\" data-widget_type=\"image.default\">\n\t\t\t\t<div class=\"elementor-widget-container\">\n\t\t\t\t\t\t\t\t\t\t\t\t\t\t\t<img decoding=\"async\" loading=\"lazy\" width=\"444\" height=\"522\" src=\"https:\/\/servidoil.com\/wp-content\/uploads\/2023\/11\/10.png\" class=\"attachment-large size-large wp-image-367\" alt=\"\" srcset=\"https:\/\/servidoil.com\/wp-content\/uploads\/2023\/11\/10.png 444w, https:\/\/servidoil.com\/wp-content\/uploads\/2023\/11\/10-255x300.png 255w\" sizes=\"(max-width: 444px) 100vw, 444px\" \/>\t\t\t\t\t\t\t\t\t\t\t\t\t\t\t<\/div>\n\t\t\t\t<\/div>\n\t\t\t\t\t<\/div>\n\t\t<\/div>\n\t\t\t\t<div class=\"elementor-column elementor-col-33 elementor-top-column elementor-element elementor-element-ab28ec7\" data-id=\"ab28ec7\" data-element_type=\"column\">\n\t\t\t<div class=\"elementor-widget-wrap\">\n\t\t\t\t\t\t\t\t\t<\/div>\n\t\t<\/div>\n\t\t\t\t<div class=\"elementor-column elementor-col-33 elementor-top-column elementor-element elementor-element-347848f\" data-id=\"347848f\" data-element_type=\"column\">\n\t\t\t<div class=\"elementor-widget-wrap\">\n\t\t\t\t\t\t\t\t\t<\/div>\n\t\t<\/div>\n\t\t\t\t\t\t\t<\/div>\n\t\t<\/section>\n\t\t\t\t\t\t\t<\/div>\n\t\t","protected":false},"excerpt":{"rendered":"<p>Protecci\u00f3n facial y para cabeza<\/p>\n","protected":false},"author":1,"featured_media":0,"parent":0,"menu_order":0,"comment_status":"closed","ping_status":"closed","template":"","meta":{"footnotes":""},"yoast_head":"<!-- This site is optimized with the Yoast SEO plugin v21.1 - https:\/\/yoast.com\/wordpress\/plugins\/seo\/ -->\n<title>Cabeza y cara - Servicios y dotaciones OIL<\/title>\n<meta name=\"robots\" content=\"index, follow, max-snippet:-1, max-image-preview:large, max-video-preview:-1\" \/>\n<link rel=\"canonical\" href=\"https:\/\/servidoil.com\/index.php\/cabeza-y-cara\/\" \/>\n<meta property=\"og:locale\" content=\"es_ES\" \/>\n<meta property=\"og:type\" content=\"article\" \/>\n<meta property=\"og:title\" content=\"Cabeza y cara - Servicios y dotaciones OIL\" \/>\n<meta property=\"og:description\" content=\"Protecci\u00f3n facial y para cabeza\" \/>\n<meta property=\"og:url\" content=\"https:\/\/servidoil.com\/index.php\/cabeza-y-cara\/\" \/>\n<meta property=\"og:site_name\" content=\"Servicios y dotaciones OIL\" \/>\n<meta property=\"article:modified_time\" content=\"2024-10-14T16:58:32+00:00\" \/>\n<meta property=\"og:image\" content=\"https:\/\/servidoil.com\/wp-content\/uploads\/2023\/11\/1-2.png\" \/>\n<meta name=\"twitter:card\" content=\"summary_large_image\" \/>\n<meta name=\"twitter:label1\" content=\"Tiempo de lectura\" \/>\n\t<meta name=\"twitter:data1\" content=\"2 minutos\" \/>\n<script type=\"application\/ld+json\" class=\"yoast-schema-graph\">{\"@context\":\"https:\/\/schema.org\",\"@graph\":[{\"@type\":\"WebPage\",\"@id\":\"https:\/\/servidoil.com\/index.php\/cabeza-y-cara\/\",\"url\":\"https:\/\/servidoil.com\/index.php\/cabeza-y-cara\/\",\"name\":\"Cabeza y cara - Servicios y dotaciones OIL\",\"isPartOf\":{\"@id\":\"https:\/\/servidoil.com\/#website\"},\"datePublished\":\"2023-11-27T22:24:35+00:00\",\"dateModified\":\"2024-10-14T16:58:32+00:00\",\"breadcrumb\":{\"@id\":\"https:\/\/servidoil.com\/index.php\/cabeza-y-cara\/#breadcrumb\"},\"inLanguage\":\"es\",\"potentialAction\":[{\"@type\":\"ReadAction\",\"target\":[\"https:\/\/servidoil.com\/index.php\/cabeza-y-cara\/\"]}]},{\"@type\":\"BreadcrumbList\",\"@id\":\"https:\/\/servidoil.com\/index.php\/cabeza-y-cara\/#breadcrumb\",\"itemListElement\":[{\"@type\":\"ListItem\",\"position\":1,\"name\":\"Portada\",\"item\":\"https:\/\/servidoil.com\/\"},{\"@type\":\"ListItem\",\"position\":2,\"name\":\"Cabeza y cara\"}]},{\"@type\":\"WebSite\",\"@id\":\"https:\/\/servidoil.com\/#website\",\"url\":\"https:\/\/servidoil.com\/\",\"name\":\"Servicios y dotaciones OIL\",\"description\":\"Dise\u00f1o y fabricaci\u00f3n de Dotaci\u00f3nes y servicios generales\",\"publisher\":{\"@id\":\"https:\/\/servidoil.com\/#organization\"},\"potentialAction\":[{\"@type\":\"SearchAction\",\"target\":{\"@type\":\"EntryPoint\",\"urlTemplate\":\"https:\/\/servidoil.com\/?s={search_term_string}\"},\"query-input\":\"required name=search_term_string\"}],\"inLanguage\":\"es\"},{\"@type\":\"Organization\",\"@id\":\"https:\/\/servidoil.com\/#organization\",\"name\":\"Servicios y dotaciones OIL\",\"url\":\"https:\/\/servidoil.com\/\",\"logo\":{\"@type\":\"ImageObject\",\"inLanguage\":\"es\",\"@id\":\"https:\/\/servidoil.com\/#\/schema\/logo\/image\/\",\"url\":\"https:\/\/servidoil.com\/wp-content\/uploads\/2023\/09\/logo-sin-gota.png\",\"contentUrl\":\"https:\/\/servidoil.com\/wp-content\/uploads\/2023\/09\/logo-sin-gota.png\",\"width\":450,\"height\":450,\"caption\":\"Servicios y dotaciones OIL\"},\"image\":{\"@id\":\"https:\/\/servidoil.com\/#\/schema\/logo\/image\/\"}}]}<\/script>\n<!-- \/ Yoast SEO plugin. -->","yoast_head_json":{"title":"Cabeza y cara - Servicios y dotaciones OIL","robots":{"index":"index","follow":"follow","max-snippet":"max-snippet:-1","max-image-preview":"max-image-preview:large","max-video-preview":"max-video-preview:-1"},"canonical":"https:\/\/servidoil.com\/index.php\/cabeza-y-cara\/","og_locale":"es_ES","og_type":"article","og_title":"Cabeza y cara - Servicios y dotaciones OIL","og_description":"Protecci\u00f3n facial y para cabeza","og_url":"https:\/\/servidoil.com\/index.php\/cabeza-y-cara\/","og_site_name":"Servicios y dotaciones OIL","article_modified_time":"2024-10-14T16:58:32+00:00","og_image":[{"url":"https:\/\/servidoil.com\/wp-content\/uploads\/2023\/11\/1-2.png"}],"twitter_card":"summary_large_image","twitter_misc":{"Tiempo de lectura":"2 minutos"},"schema":{"@context":"https:\/\/schema.org","@graph":[{"@type":"WebPage","@id":"https:\/\/servidoil.com\/index.php\/cabeza-y-cara\/","url":"https:\/\/servidoil.com\/index.php\/cabeza-y-cara\/","name":"Cabeza y cara - Servicios y dotaciones OIL","isPartOf":{"@id":"https:\/\/servidoil.com\/#website"},"datePublished":"2023-11-27T22:24:35+00:00","dateModified":"2024-10-14T16:58:32+00:00","breadcrumb":{"@id":"https:\/\/servidoil.com\/index.php\/cabeza-y-cara\/#breadcrumb"},"inLanguage":"es","potentialAction":[{"@type":"ReadAction","target":["https:\/\/servidoil.com\/index.php\/cabeza-y-cara\/"]}]},{"@type":"BreadcrumbList","@id":"https:\/\/servidoil.com\/index.php\/cabeza-y-cara\/#breadcrumb","itemListElement":[{"@type":"ListItem","position":1,"name":"Portada","item":"https:\/\/servidoil.com\/"},{"@type":"ListItem","position":2,"name":"Cabeza y cara"}]},{"@type":"WebSite","@id":"https:\/\/servidoil.com\/#website","url":"https:\/\/servidoil.com\/","name":"Servicios y dotaciones OIL","description":"Dise\u00f1o y fabricaci\u00f3n de Dotaci\u00f3nes y servicios generales","publisher":{"@id":"https:\/\/servidoil.com\/#organization"},"potentialAction":[{"@type":"SearchAction","target":{"@type":"EntryPoint","urlTemplate":"https:\/\/servidoil.com\/?s={search_term_string}"},"query-input":"required name=search_term_string"}],"inLanguage":"es"},{"@type":"Organization","@id":"https:\/\/servidoil.com\/#organization","name":"Servicios y dotaciones OIL","url":"https:\/\/servidoil.com\/","logo":{"@type":"ImageObject","inLanguage":"es","@id":"https:\/\/servidoil.com\/#\/schema\/logo\/image\/","url":"https:\/\/servidoil.com\/wp-content\/uploads\/2023\/09\/logo-sin-gota.png","contentUrl":"https:\/\/servidoil.com\/wp-content\/uploads\/2023\/09\/logo-sin-gota.png","width":450,"height":450,"caption":"Servicios y dotaciones OIL"},"image":{"@id":"https:\/\/servidoil.com\/#\/schema\/logo\/image\/"}}]}},"_links":{"self":[{"href":"https:\/\/servidoil.com\/index.php\/wp-json\/wp\/v2\/pages\/303"}],"collection":[{"href":"https:\/\/servidoil.com\/index.php\/wp-json\/wp\/v2\/pages"}],"about":[{"href":"https:\/\/servidoil.com\/index.php\/wp-json\/wp\/v2\/types\/page"}],"author":[{"embeddable":true,"href":"https:\/\/servidoil.com\/index.php\/wp-json\/wp\/v2\/users\/1"}],"replies":[{"embeddable":true,"href":"https:\/\/servidoil.com\/index.php\/wp-json\/wp\/v2\/comments?post=303"}],"version-history":[{"count":64,"href":"https:\/\/servidoil.com\/index.php\/wp-json\/wp\/v2\/pages\/303\/revisions"}],"predecessor-version":[{"id":807,"href":"https:\/\/servidoil.com\/index.php\/wp-json\/wp\/v2\/pages\/303\/revisions\/807"}],"wp:attachment":[{"href":"https:\/\/servidoil.com\/index.php\/wp-json\/wp\/v2\/media?parent=303"}],"curies":[{"name":"wp","href":"https:\/\/api.w.org\/{rel}","templated":true}]}}