{"id":452,"date":"2023-12-14T23:22:36","date_gmt":"2023-12-14T22:22:36","guid":{"rendered":"https:\/\/servidoil.com\/?page_id=452"},"modified":"2024-10-14T12:20:40","modified_gmt":"2024-10-14T17:20:40","slug":"proteccion-corporal","status":"publish","type":"page","link":"https:\/\/servidoil.com\/index.php\/proteccion-corporal\/","title":{"rendered":"Proteccion corporal"},"content":{"rendered":"\t\t<div data-elementor-type=\"wp-page\" data-elementor-id=\"452\" class=\"elementor elementor-452\" data-elementor-post-type=\"page\">\n\t\t\t\t\t\t\t\t\t<section class=\"elementor-section elementor-top-section elementor-element elementor-element-d1980a9 elementor-section-height-min-height elementor-section-boxed elementor-section-height-default elementor-section-items-middle\" data-id=\"d1980a9\" data-element_type=\"section\" data-settings=\"{&quot;background_background&quot;:&quot;classic&quot;}\">\n\t\t\t\t\t\t<div class=\"elementor-container elementor-column-gap-default\">\n\t\t\t\t\t<div class=\"elementor-column elementor-col-100 elementor-top-column elementor-element elementor-element-fedf1a4\" data-id=\"fedf1a4\" data-element_type=\"column\">\n\t\t\t<div class=\"elementor-widget-wrap elementor-element-populated\">\n\t\t\t\t\t\t\t\t<div class=\"elementor-element elementor-element-bccdf12 elementor-widget elementor-widget-heading\" data-id=\"bccdf12\" data-element_type=\"widget\" data-widget_type=\"heading.default\">\n\t\t\t\t<div class=\"elementor-widget-container\">\n\t\t\t<style>\/*! elementor - v3.15.0 - 20-08-2023 *\/\n.elementor-heading-title{padding:0;margin:0;line-height:1}.elementor-widget-heading .elementor-heading-title[class*=elementor-size-]>a{color:inherit;font-size:inherit;line-height:inherit}.elementor-widget-heading .elementor-heading-title.elementor-size-small{font-size:15px}.elementor-widget-heading .elementor-heading-title.elementor-size-medium{font-size:19px}.elementor-widget-heading .elementor-heading-title.elementor-size-large{font-size:29px}.elementor-widget-heading .elementor-heading-title.elementor-size-xl{font-size:39px}.elementor-widget-heading .elementor-heading-title.elementor-size-xxl{font-size:59px}<\/style><h2 class=\"elementor-heading-title elementor-size-default\">Protecci\u00f3n Corporal<\/h2>\t\t<\/div>\n\t\t\t\t<\/div>\n\t\t\t\t\t<\/div>\n\t\t<\/div>\n\t\t\t\t\t\t\t<\/div>\n\t\t<\/section>\n\t\t\t\t<section class=\"elementor-section elementor-top-section elementor-element elementor-element-f294b2c elementor-section-height-min-height elementor-section-boxed elementor-section-height-default elementor-section-items-middle\" data-id=\"f294b2c\" data-element_type=\"section\">\n\t\t\t\t\t\t<div class=\"elementor-container elementor-column-gap-default\">\n\t\t\t\t\t<div class=\"elementor-column elementor-col-25 elementor-top-column elementor-element elementor-element-04a13d9\" data-id=\"04a13d9\" data-element_type=\"column\">\n\t\t\t<div class=\"elementor-widget-wrap elementor-element-populated\">\n\t\t\t\t\t\t\t\t<div class=\"elementor-element elementor-element-989aced elementor-widget elementor-widget-image\" data-id=\"989aced\" data-element_type=\"widget\" data-widget_type=\"image.default\">\n\t\t\t\t<div class=\"elementor-widget-container\">\n\t\t\t<style>\/*! elementor - v3.15.0 - 20-08-2023 *\/\n.elementor-widget-image{text-align:center}.elementor-widget-image a{display:inline-block}.elementor-widget-image a img[src$=\".svg\"]{width:48px}.elementor-widget-image img{vertical-align:middle;display:inline-block}<\/style>\t\t\t\t\t\t\t\t\t\t\t\t<img decoding=\"async\" loading=\"lazy\" width=\"444\" height=\"522\" src=\"https:\/\/servidoil.com\/wp-content\/uploads\/2023\/12\/16.png\" class=\"attachment-large size-large wp-image-457\" alt=\"\" srcset=\"https:\/\/servidoil.com\/wp-content\/uploads\/2023\/12\/16.png 444w, https:\/\/servidoil.com\/wp-content\/uploads\/2023\/12\/16-255x300.png 255w\" sizes=\"(max-width: 444px) 100vw, 444px\" \/>\t\t\t\t\t\t\t\t\t\t\t\t\t\t\t<\/div>\n\t\t\t\t<\/div>\n\t\t\t\t\t<\/div>\n\t\t<\/div>\n\t\t\t\t<div class=\"elementor-column elementor-col-25 elementor-top-column elementor-element elementor-element-b6d563a\" data-id=\"b6d563a\" data-element_type=\"column\">\n\t\t\t<div class=\"elementor-widget-wrap elementor-element-populated\">\n\t\t\t\t\t\t\t\t<div class=\"elementor-element elementor-element-1dcc890 elementor-widget elementor-widget-image\" data-id=\"1dcc890\" data-element_type=\"widget\" data-widget_type=\"image.default\">\n\t\t\t\t<div class=\"elementor-widget-container\">\n\t\t\t\t\t\t\t\t\t\t\t\t\t\t\t<img decoding=\"async\" loading=\"lazy\" width=\"444\" height=\"522\" src=\"https:\/\/servidoil.com\/wp-content\/uploads\/2023\/12\/17.png\" class=\"attachment-large size-large wp-image-458\" alt=\"\" srcset=\"https:\/\/servidoil.com\/wp-content\/uploads\/2023\/12\/17.png 444w, https:\/\/servidoil.com\/wp-content\/uploads\/2023\/12\/17-255x300.png 255w\" sizes=\"(max-width: 444px) 100vw, 444px\" \/>\t\t\t\t\t\t\t\t\t\t\t\t\t\t\t<\/div>\n\t\t\t\t<\/div>\n\t\t\t\t\t<\/div>\n\t\t<\/div>\n\t\t\t\t<div class=\"elementor-column elementor-col-25 elementor-top-column elementor-element elementor-element-e5d2a49\" data-id=\"e5d2a49\" data-element_type=\"column\">\n\t\t\t<div class=\"elementor-widget-wrap elementor-element-populated\">\n\t\t\t\t\t\t\t\t<div class=\"elementor-element elementor-element-ba58da8 elementor-widget elementor-widget-image\" data-id=\"ba58da8\" data-element_type=\"widget\" data-widget_type=\"image.default\">\n\t\t\t\t<div class=\"elementor-widget-container\">\n\t\t\t\t\t\t\t\t\t\t\t\t\t\t\t<img decoding=\"async\" loading=\"lazy\" width=\"444\" height=\"522\" src=\"https:\/\/servidoil.com\/wp-content\/uploads\/2023\/12\/18.png\" class=\"attachment-large size-large wp-image-459\" alt=\"\" srcset=\"https:\/\/servidoil.com\/wp-content\/uploads\/2023\/12\/18.png 444w, https:\/\/servidoil.com\/wp-content\/uploads\/2023\/12\/18-255x300.png 255w\" sizes=\"(max-width: 444px) 100vw, 444px\" \/>\t\t\t\t\t\t\t\t\t\t\t\t\t\t\t<\/div>\n\t\t\t\t<\/div>\n\t\t\t\t\t<\/div>\n\t\t<\/div>\n\t\t\t\t<div class=\"elementor-column elementor-col-25 elementor-top-column elementor-element elementor-element-1320e69\" data-id=\"1320e69\" data-element_type=\"column\">\n\t\t\t<div class=\"elementor-widget-wrap elementor-element-populated\">\n\t\t\t\t\t\t\t\t<div class=\"elementor-element elementor-element-136ee17 elementor-widget elementor-widget-image\" data-id=\"136ee17\" data-element_type=\"widget\" data-widget_type=\"image.default\">\n\t\t\t\t<div class=\"elementor-widget-container\">\n\t\t\t\t\t\t\t\t\t\t\t\t\t\t\t<img decoding=\"async\" loading=\"lazy\" width=\"444\" height=\"522\" src=\"https:\/\/servidoil.com\/wp-content\/uploads\/2023\/12\/19.png\" class=\"attachment-large size-large wp-image-460\" alt=\"\" srcset=\"https:\/\/servidoil.com\/wp-content\/uploads\/2023\/12\/19.png 444w, https:\/\/servidoil.com\/wp-content\/uploads\/2023\/12\/19-255x300.png 255w\" sizes=\"(max-width: 444px) 100vw, 444px\" \/>\t\t\t\t\t\t\t\t\t\t\t\t\t\t\t<\/div>\n\t\t\t\t<\/div>\n\t\t\t\t\t<\/div>\n\t\t<\/div>\n\t\t\t\t\t\t\t<\/div>\n\t\t<\/section>\n\t\t\t\t<section class=\"elementor-section elementor-top-section elementor-element elementor-element-52da544 elementor-section-height-min-height elementor-section-boxed elementor-section-height-default elementor-section-items-middle\" data-id=\"52da544\" data-element_type=\"section\">\n\t\t\t\t\t\t<div class=\"elementor-container elementor-column-gap-default\">\n\t\t\t\t\t<div class=\"elementor-column elementor-col-50 elementor-top-column elementor-element elementor-element-14d2a4c\" data-id=\"14d2a4c\" data-element_type=\"column\">\n\t\t\t<div class=\"elementor-widget-wrap elementor-element-populated\">\n\t\t\t\t\t\t\t\t<div class=\"elementor-element elementor-element-7c1fb7d elementor-widget elementor-widget-image\" data-id=\"7c1fb7d\" data-element_type=\"widget\" data-widget_type=\"image.default\">\n\t\t\t\t<div class=\"elementor-widget-container\">\n\t\t\t\t\t\t\t\t\t\t\t\t\t\t\t<img decoding=\"async\" loading=\"lazy\" width=\"444\" height=\"522\" src=\"https:\/\/servidoil.com\/wp-content\/uploads\/2023\/12\/20.png\" class=\"attachment-large size-large wp-image-461\" alt=\"\" srcset=\"https:\/\/servidoil.com\/wp-content\/uploads\/2023\/12\/20.png 444w, https:\/\/servidoil.com\/wp-content\/uploads\/2023\/12\/20-255x300.png 255w\" sizes=\"(max-width: 444px) 100vw, 444px\" \/>\t\t\t\t\t\t\t\t\t\t\t\t\t\t\t<\/div>\n\t\t\t\t<\/div>\n\t\t\t\t\t<\/div>\n\t\t<\/div>\n\t\t\t\t<div class=\"elementor-column elementor-col-50 elementor-top-column elementor-element elementor-element-278dec9\" data-id=\"278dec9\" data-element_type=\"column\">\n\t\t\t<div class=\"elementor-widget-wrap elementor-element-populated\">\n\t\t\t\t\t\t\t\t<div class=\"elementor-element elementor-element-edcddb6 elementor-widget elementor-widget-image\" data-id=\"edcddb6\" data-element_type=\"widget\" data-widget_type=\"image.default\">\n\t\t\t\t<div class=\"elementor-widget-container\">\n\t\t\t\t\t\t\t\t\t\t\t\t\t\t\t<img decoding=\"async\" loading=\"lazy\" width=\"444\" height=\"522\" src=\"https:\/\/servidoil.com\/wp-content\/uploads\/2023\/12\/21.png\" class=\"attachment-large size-large wp-image-462\" alt=\"\" srcset=\"https:\/\/servidoil.com\/wp-content\/uploads\/2023\/12\/21.png 444w, https:\/\/servidoil.com\/wp-content\/uploads\/2023\/12\/21-255x300.png 255w\" sizes=\"(max-width: 444px) 100vw, 444px\" \/>\t\t\t\t\t\t\t\t\t\t\t\t\t\t\t<\/div>\n\t\t\t\t<\/div>\n\t\t\t\t\t<\/div>\n\t\t<\/div>\n\t\t\t\t\t\t\t<\/div>\n\t\t<\/section>\n\t\t\t\t<section class=\"elementor-section elementor-top-section elementor-element elementor-element-cc65f7f elementor-section-height-min-height elementor-section-boxed elementor-section-height-default elementor-section-items-middle\" data-id=\"cc65f7f\" data-element_type=\"section\">\n\t\t\t\t\t\t<div class=\"elementor-container elementor-column-gap-default\">\n\t\t\t\t\t<div class=\"elementor-column elementor-col-100 elementor-top-column elementor-element elementor-element-fb2fbc3\" data-id=\"fb2fbc3\" data-element_type=\"column\">\n\t\t\t<div class=\"elementor-widget-wrap\">\n\t\t\t\t\t\t\t\t\t<\/div>\n\t\t<\/div>\n\t\t\t\t\t\t\t<\/div>\n\t\t<\/section>\n\t\t\t\t\t\t\t<\/div>\n\t\t","protected":false},"excerpt":{"rendered":"<p>Protecci\u00f3n Corporal<\/p>\n","protected":false},"author":1,"featured_media":0,"parent":0,"menu_order":0,"comment_status":"closed","ping_status":"closed","template":"","meta":{"footnotes":""},"yoast_head":"<!-- This site is optimized with the Yoast SEO plugin v21.1 - https:\/\/yoast.com\/wordpress\/plugins\/seo\/ -->\n<title>Proteccion corporal - Servicios y dotaciones OIL<\/title>\n<meta name=\"robots\" content=\"index, follow, max-snippet:-1, max-image-preview:large, max-video-preview:-1\" \/>\n<link rel=\"canonical\" href=\"https:\/\/servidoil.com\/index.php\/proteccion-corporal\/\" \/>\n<meta property=\"og:locale\" content=\"es_ES\" \/>\n<meta property=\"og:type\" content=\"article\" \/>\n<meta property=\"og:title\" content=\"Proteccion corporal - Servicios y dotaciones OIL\" \/>\n<meta property=\"og:description\" content=\"Protecci\u00f3n Corporal\" \/>\n<meta property=\"og:url\" content=\"https:\/\/servidoil.com\/index.php\/proteccion-corporal\/\" \/>\n<meta property=\"og:site_name\" content=\"Servicios y dotaciones OIL\" \/>\n<meta property=\"article:modified_time\" content=\"2024-10-14T17:20:40+00:00\" \/>\n<meta property=\"og:image\" content=\"https:\/\/servidoil.com\/wp-content\/uploads\/2023\/12\/16.png\" \/>\n<meta name=\"twitter:card\" content=\"summary_large_image\" \/>\n<meta name=\"twitter:label1\" content=\"Tiempo de lectura\" \/>\n\t<meta name=\"twitter:data1\" content=\"2 minutos\" \/>\n<script type=\"application\/ld+json\" class=\"yoast-schema-graph\">{\"@context\":\"https:\/\/schema.org\",\"@graph\":[{\"@type\":\"WebPage\",\"@id\":\"https:\/\/servidoil.com\/index.php\/proteccion-corporal\/\",\"url\":\"https:\/\/servidoil.com\/index.php\/proteccion-corporal\/\",\"name\":\"Proteccion corporal - Servicios y dotaciones OIL\",\"isPartOf\":{\"@id\":\"https:\/\/servidoil.com\/#website\"},\"datePublished\":\"2023-12-14T22:22:36+00:00\",\"dateModified\":\"2024-10-14T17:20:40+00:00\",\"breadcrumb\":{\"@id\":\"https:\/\/servidoil.com\/index.php\/proteccion-corporal\/#breadcrumb\"},\"inLanguage\":\"es\",\"potentialAction\":[{\"@type\":\"ReadAction\",\"target\":[\"https:\/\/servidoil.com\/index.php\/proteccion-corporal\/\"]}]},{\"@type\":\"BreadcrumbList\",\"@id\":\"https:\/\/servidoil.com\/index.php\/proteccion-corporal\/#breadcrumb\",\"itemListElement\":[{\"@type\":\"ListItem\",\"position\":1,\"name\":\"Portada\",\"item\":\"https:\/\/servidoil.com\/\"},{\"@type\":\"ListItem\",\"position\":2,\"name\":\"Proteccion corporal\"}]},{\"@type\":\"WebSite\",\"@id\":\"https:\/\/servidoil.com\/#website\",\"url\":\"https:\/\/servidoil.com\/\",\"name\":\"Servicios y dotaciones OIL\",\"description\":\"Dise\u00f1o y fabricaci\u00f3n de Dotaci\u00f3nes y servicios generales\",\"publisher\":{\"@id\":\"https:\/\/servidoil.com\/#organization\"},\"potentialAction\":[{\"@type\":\"SearchAction\",\"target\":{\"@type\":\"EntryPoint\",\"urlTemplate\":\"https:\/\/servidoil.com\/?s={search_term_string}\"},\"query-input\":\"required name=search_term_string\"}],\"inLanguage\":\"es\"},{\"@type\":\"Organization\",\"@id\":\"https:\/\/servidoil.com\/#organization\",\"name\":\"Servicios y dotaciones OIL\",\"url\":\"https:\/\/servidoil.com\/\",\"logo\":{\"@type\":\"ImageObject\",\"inLanguage\":\"es\",\"@id\":\"https:\/\/servidoil.com\/#\/schema\/logo\/image\/\",\"url\":\"https:\/\/servidoil.com\/wp-content\/uploads\/2023\/09\/logo-sin-gota.png\",\"contentUrl\":\"https:\/\/servidoil.com\/wp-content\/uploads\/2023\/09\/logo-sin-gota.png\",\"width\":450,\"height\":450,\"caption\":\"Servicios y dotaciones OIL\"},\"image\":{\"@id\":\"https:\/\/servidoil.com\/#\/schema\/logo\/image\/\"}}]}<\/script>\n<!-- \/ Yoast SEO plugin. -->","yoast_head_json":{"title":"Proteccion corporal - Servicios y dotaciones OIL","robots":{"index":"index","follow":"follow","max-snippet":"max-snippet:-1","max-image-preview":"max-image-preview:large","max-video-preview":"max-video-preview:-1"},"canonical":"https:\/\/servidoil.com\/index.php\/proteccion-corporal\/","og_locale":"es_ES","og_type":"article","og_title":"Proteccion corporal - Servicios y dotaciones OIL","og_description":"Protecci\u00f3n Corporal","og_url":"https:\/\/servidoil.com\/index.php\/proteccion-corporal\/","og_site_name":"Servicios y dotaciones OIL","article_modified_time":"2024-10-14T17:20:40+00:00","og_image":[{"url":"https:\/\/servidoil.com\/wp-content\/uploads\/2023\/12\/16.png"}],"twitter_card":"summary_large_image","twitter_misc":{"Tiempo de lectura":"2 minutos"},"schema":{"@context":"https:\/\/schema.org","@graph":[{"@type":"WebPage","@id":"https:\/\/servidoil.com\/index.php\/proteccion-corporal\/","url":"https:\/\/servidoil.com\/index.php\/proteccion-corporal\/","name":"Proteccion corporal - Servicios y dotaciones OIL","isPartOf":{"@id":"https:\/\/servidoil.com\/#website"},"datePublished":"2023-12-14T22:22:36+00:00","dateModified":"2024-10-14T17:20:40+00:00","breadcrumb":{"@id":"https:\/\/servidoil.com\/index.php\/proteccion-corporal\/#breadcrumb"},"inLanguage":"es","potentialAction":[{"@type":"ReadAction","target":["https:\/\/servidoil.com\/index.php\/proteccion-corporal\/"]}]},{"@type":"BreadcrumbList","@id":"https:\/\/servidoil.com\/index.php\/proteccion-corporal\/#breadcrumb","itemListElement":[{"@type":"ListItem","position":1,"name":"Portada","item":"https:\/\/servidoil.com\/"},{"@type":"ListItem","position":2,"name":"Proteccion corporal"}]},{"@type":"WebSite","@id":"https:\/\/servidoil.com\/#website","url":"https:\/\/servidoil.com\/","name":"Servicios y dotaciones OIL","description":"Dise\u00f1o y fabricaci\u00f3n de Dotaci\u00f3nes y servicios generales","publisher":{"@id":"https:\/\/servidoil.com\/#organization"},"potentialAction":[{"@type":"SearchAction","target":{"@type":"EntryPoint","urlTemplate":"https:\/\/servidoil.com\/?s={search_term_string}"},"query-input":"required name=search_term_string"}],"inLanguage":"es"},{"@type":"Organization","@id":"https:\/\/servidoil.com\/#organization","name":"Servicios y dotaciones OIL","url":"https:\/\/servidoil.com\/","logo":{"@type":"ImageObject","inLanguage":"es","@id":"https:\/\/servidoil.com\/#\/schema\/logo\/image\/","url":"https:\/\/servidoil.com\/wp-content\/uploads\/2023\/09\/logo-sin-gota.png","contentUrl":"https:\/\/servidoil.com\/wp-content\/uploads\/2023\/09\/logo-sin-gota.png","width":450,"height":450,"caption":"Servicios y dotaciones OIL"},"image":{"@id":"https:\/\/servidoil.com\/#\/schema\/logo\/image\/"}}]}},"_links":{"self":[{"href":"https:\/\/servidoil.com\/index.php\/wp-json\/wp\/v2\/pages\/452"}],"collection":[{"href":"https:\/\/servidoil.com\/index.php\/wp-json\/wp\/v2\/pages"}],"about":[{"href":"https:\/\/servidoil.com\/index.php\/wp-json\/wp\/v2\/types\/page"}],"author":[{"embeddable":true,"href":"https:\/\/servidoil.com\/index.php\/wp-json\/wp\/v2\/users\/1"}],"replies":[{"embeddable":true,"href":"https:\/\/servidoil.com\/index.php\/wp-json\/wp\/v2\/comments?post=452"}],"version-history":[{"count":31,"href":"https:\/\/servidoil.com\/index.php\/wp-json\/wp\/v2\/pages\/452\/revisions"}],"predecessor-version":[{"id":826,"href":"https:\/\/servidoil.com\/index.php\/wp-json\/wp\/v2\/pages\/452\/revisions\/826"}],"wp:attachment":[{"href":"https:\/\/servidoil.com\/index.php\/wp-json\/wp\/v2\/media?parent=452"}],"curies":[{"name":"wp","href":"https:\/\/api.w.org\/{rel}","templated":true}]}}