{"id":487,"date":"2023-12-15T00:11:13","date_gmt":"2023-12-14T23:11:13","guid":{"rendered":"https:\/\/servidoil.com\/?page_id=487"},"modified":"2024-01-03T18:44:20","modified_gmt":"2024-01-03T17:44:20","slug":"proteccion-contra-caidas","status":"publish","type":"page","link":"https:\/\/servidoil.com\/index.php\/proteccion-contra-caidas\/","title":{"rendered":"Protecci\u00f3n contra ca\u00eddas"},"content":{"rendered":"\t\t<div data-elementor-type=\"wp-page\" data-elementor-id=\"487\" class=\"elementor elementor-487\" data-elementor-post-type=\"page\">\n\t\t\t\t\t\t\t\t\t<section class=\"elementor-section elementor-top-section elementor-element elementor-element-d7e971f elementor-section-boxed elementor-section-height-default elementor-section-height-default\" data-id=\"d7e971f\" data-element_type=\"section\" data-settings=\"{&quot;background_background&quot;:&quot;classic&quot;}\">\n\t\t\t\t\t\t<div class=\"elementor-container elementor-column-gap-default\">\n\t\t\t\t\t<div class=\"elementor-column elementor-col-100 elementor-top-column elementor-element elementor-element-b25d832\" data-id=\"b25d832\" data-element_type=\"column\">\n\t\t\t<div class=\"elementor-widget-wrap elementor-element-populated\">\n\t\t\t\t\t\t\t\t<div class=\"elementor-element elementor-element-0a2aea9 elementor-widget elementor-widget-heading\" data-id=\"0a2aea9\" data-element_type=\"widget\" data-widget_type=\"heading.default\">\n\t\t\t\t<div class=\"elementor-widget-container\">\n\t\t\t<style>\/*! elementor - v3.15.0 - 20-08-2023 *\/\n.elementor-heading-title{padding:0;margin:0;line-height:1}.elementor-widget-heading .elementor-heading-title[class*=elementor-size-]>a{color:inherit;font-size:inherit;line-height:inherit}.elementor-widget-heading .elementor-heading-title.elementor-size-small{font-size:15px}.elementor-widget-heading .elementor-heading-title.elementor-size-medium{font-size:19px}.elementor-widget-heading .elementor-heading-title.elementor-size-large{font-size:29px}.elementor-widget-heading .elementor-heading-title.elementor-size-xl{font-size:39px}.elementor-widget-heading .elementor-heading-title.elementor-size-xxl{font-size:59px}<\/style><h2 class=\"elementor-heading-title elementor-size-default\">Protecci\u00f3n contra ca\u00eddas <\/h2>\t\t<\/div>\n\t\t\t\t<\/div>\n\t\t\t\t\t<\/div>\n\t\t<\/div>\n\t\t\t\t\t\t\t<\/div>\n\t\t<\/section>\n\t\t\t\t<section class=\"elementor-section elementor-top-section elementor-element elementor-element-56e04da elementor-section-height-min-height elementor-section-boxed elementor-section-height-default elementor-section-items-middle\" data-id=\"56e04da\" data-element_type=\"section\">\n\t\t\t\t\t\t<div class=\"elementor-container elementor-column-gap-default\">\n\t\t\t\t\t<div class=\"elementor-column elementor-col-100 elementor-top-column elementor-element elementor-element-06fd1e1\" data-id=\"06fd1e1\" data-element_type=\"column\">\n\t\t\t<div class=\"elementor-widget-wrap\">\n\t\t\t\t\t\t\t\t\t<\/div>\n\t\t<\/div>\n\t\t\t\t\t\t\t<\/div>\n\t\t<\/section>\n\t\t\t\t<section class=\"elementor-section elementor-top-section elementor-element elementor-element-d3f24ce elementor-section-height-min-height elementor-section-items-stretch elementor-section-boxed elementor-section-height-default\" data-id=\"d3f24ce\" data-element_type=\"section\">\n\t\t\t\t\t\t<div class=\"elementor-container elementor-column-gap-default\">\n\t\t\t\t\t<div class=\"elementor-column elementor-col-25 elementor-top-column elementor-element elementor-element-8c6b108\" data-id=\"8c6b108\" data-element_type=\"column\">\n\t\t\t<div class=\"elementor-widget-wrap elementor-element-populated\">\n\t\t\t\t\t\t\t\t<div class=\"elementor-element elementor-element-3e0818c elementor-widget elementor-widget-image\" data-id=\"3e0818c\" data-element_type=\"widget\" data-settings=\"{&quot;_animation&quot;:&quot;none&quot;}\" data-widget_type=\"image.default\">\n\t\t\t\t<div class=\"elementor-widget-container\">\n\t\t\t<style>\/*! elementor - v3.15.0 - 20-08-2023 *\/\n.elementor-widget-image{text-align:center}.elementor-widget-image a{display:inline-block}.elementor-widget-image a img[src$=\".svg\"]{width:48px}.elementor-widget-image img{vertical-align:middle;display:inline-block}<\/style>\t\t\t\t\t\t\t\t\t\t\t\t<img decoding=\"async\" loading=\"lazy\" width=\"444\" height=\"522\" src=\"https:\/\/servidoil.com\/wp-content\/uploads\/2023\/12\/22.png\" class=\"attachment-large size-large wp-image-495\" alt=\"\" srcset=\"https:\/\/servidoil.com\/wp-content\/uploads\/2023\/12\/22.png 444w, https:\/\/servidoil.com\/wp-content\/uploads\/2023\/12\/22-255x300.png 255w\" sizes=\"(max-width: 444px) 100vw, 444px\" \/>\t\t\t\t\t\t\t\t\t\t\t\t\t\t\t<\/div>\n\t\t\t\t<\/div>\n\t\t\t\t\t<\/div>\n\t\t<\/div>\n\t\t\t\t<div class=\"elementor-column elementor-col-25 elementor-top-column elementor-element elementor-element-ed782cb\" data-id=\"ed782cb\" data-element_type=\"column\">\n\t\t\t<div class=\"elementor-widget-wrap elementor-element-populated\">\n\t\t\t\t\t\t\t\t<div class=\"elementor-element elementor-element-f468df4 elementor-widget elementor-widget-image\" data-id=\"f468df4\" data-element_type=\"widget\" data-settings=\"{&quot;_animation&quot;:&quot;none&quot;}\" data-widget_type=\"image.default\">\n\t\t\t\t<div class=\"elementor-widget-container\">\n\t\t\t\t\t\t\t\t\t\t\t\t\t\t\t<img decoding=\"async\" loading=\"lazy\" width=\"444\" height=\"522\" src=\"https:\/\/servidoil.com\/wp-content\/uploads\/2023\/12\/23.png\" class=\"attachment-large size-large wp-image-496\" alt=\"\" srcset=\"https:\/\/servidoil.com\/wp-content\/uploads\/2023\/12\/23.png 444w, https:\/\/servidoil.com\/wp-content\/uploads\/2023\/12\/23-255x300.png 255w\" sizes=\"(max-width: 444px) 100vw, 444px\" \/>\t\t\t\t\t\t\t\t\t\t\t\t\t\t\t<\/div>\n\t\t\t\t<\/div>\n\t\t\t\t\t<\/div>\n\t\t<\/div>\n\t\t\t\t<div class=\"elementor-column elementor-col-25 elementor-top-column elementor-element elementor-element-3a4e317\" data-id=\"3a4e317\" data-element_type=\"column\">\n\t\t\t<div class=\"elementor-widget-wrap elementor-element-populated\">\n\t\t\t\t\t\t\t\t<div class=\"elementor-element elementor-element-6760b2d elementor-widget elementor-widget-image\" data-id=\"6760b2d\" data-element_type=\"widget\" data-settings=\"{&quot;_animation&quot;:&quot;none&quot;}\" data-widget_type=\"image.default\">\n\t\t\t\t<div class=\"elementor-widget-container\">\n\t\t\t\t\t\t\t\t\t\t\t\t\t\t\t<img decoding=\"async\" loading=\"lazy\" width=\"444\" height=\"522\" src=\"https:\/\/servidoil.com\/wp-content\/uploads\/2023\/12\/24.png\" class=\"attachment-large size-large wp-image-501\" alt=\"\" srcset=\"https:\/\/servidoil.com\/wp-content\/uploads\/2023\/12\/24.png 444w, https:\/\/servidoil.com\/wp-content\/uploads\/2023\/12\/24-255x300.png 255w\" sizes=\"(max-width: 444px) 100vw, 444px\" \/>\t\t\t\t\t\t\t\t\t\t\t\t\t\t\t<\/div>\n\t\t\t\t<\/div>\n\t\t\t\t\t<\/div>\n\t\t<\/div>\n\t\t\t\t<div class=\"elementor-column elementor-col-25 elementor-top-column elementor-element elementor-element-00118d9\" data-id=\"00118d9\" data-element_type=\"column\">\n\t\t\t<div class=\"elementor-widget-wrap elementor-element-populated\">\n\t\t\t\t\t\t\t\t<div class=\"elementor-element elementor-element-543ae62 elementor-widget elementor-widget-image\" data-id=\"543ae62\" data-element_type=\"widget\" data-settings=\"{&quot;_animation&quot;:&quot;none&quot;}\" data-widget_type=\"image.default\">\n\t\t\t\t<div class=\"elementor-widget-container\">\n\t\t\t\t\t\t\t\t\t\t\t\t\t\t\t<img decoding=\"async\" loading=\"lazy\" width=\"444\" height=\"522\" src=\"https:\/\/servidoil.com\/wp-content\/uploads\/2023\/12\/25.png\" class=\"attachment-large size-large wp-image-502\" alt=\"\" srcset=\"https:\/\/servidoil.com\/wp-content\/uploads\/2023\/12\/25.png 444w, https:\/\/servidoil.com\/wp-content\/uploads\/2023\/12\/25-255x300.png 255w\" sizes=\"(max-width: 444px) 100vw, 444px\" \/>\t\t\t\t\t\t\t\t\t\t\t\t\t\t\t<\/div>\n\t\t\t\t<\/div>\n\t\t\t\t\t<\/div>\n\t\t<\/div>\n\t\t\t\t\t\t\t<\/div>\n\t\t<\/section>\n\t\t\t\t<section class=\"elementor-section elementor-top-section elementor-element elementor-element-5cf2d40 elementor-section-height-min-height elementor-section-items-stretch elementor-section-boxed elementor-section-height-default\" data-id=\"5cf2d40\" data-element_type=\"section\">\n\t\t\t\t\t\t<div class=\"elementor-container elementor-column-gap-default\">\n\t\t\t\t\t<div class=\"elementor-column elementor-col-25 elementor-top-column elementor-element elementor-element-5344820\" data-id=\"5344820\" data-element_type=\"column\">\n\t\t\t<div class=\"elementor-widget-wrap elementor-element-populated\">\n\t\t\t\t\t\t\t\t<div class=\"elementor-element elementor-element-3bf5908 elementor-widget elementor-widget-image\" data-id=\"3bf5908\" data-element_type=\"widget\" data-widget_type=\"image.default\">\n\t\t\t\t<div class=\"elementor-widget-container\">\n\t\t\t\t\t\t\t\t\t\t\t\t\t\t\t<img decoding=\"async\" loading=\"lazy\" width=\"444\" height=\"522\" src=\"https:\/\/servidoil.com\/wp-content\/uploads\/2023\/12\/29.png\" class=\"attachment-large size-large wp-image-512\" alt=\"\" srcset=\"https:\/\/servidoil.com\/wp-content\/uploads\/2023\/12\/29.png 444w, https:\/\/servidoil.com\/wp-content\/uploads\/2023\/12\/29-255x300.png 255w\" sizes=\"(max-width: 444px) 100vw, 444px\" \/>\t\t\t\t\t\t\t\t\t\t\t\t\t\t\t<\/div>\n\t\t\t\t<\/div>\n\t\t\t\t\t<\/div>\n\t\t<\/div>\n\t\t\t\t<div class=\"elementor-column elementor-col-25 elementor-top-column elementor-element elementor-element-84531b6\" data-id=\"84531b6\" data-element_type=\"column\">\n\t\t\t<div class=\"elementor-widget-wrap elementor-element-populated\">\n\t\t\t\t\t\t\t\t<div class=\"elementor-element elementor-element-de0cf85 elementor-widget elementor-widget-image\" data-id=\"de0cf85\" data-element_type=\"widget\" data-widget_type=\"image.default\">\n\t\t\t\t<div class=\"elementor-widget-container\">\n\t\t\t\t\t\t\t\t\t\t\t\t\t\t\t<img decoding=\"async\" loading=\"lazy\" width=\"444\" height=\"522\" src=\"https:\/\/servidoil.com\/wp-content\/uploads\/2023\/12\/28.png\" class=\"attachment-large size-large wp-image-511\" alt=\"\" srcset=\"https:\/\/servidoil.com\/wp-content\/uploads\/2023\/12\/28.png 444w, https:\/\/servidoil.com\/wp-content\/uploads\/2023\/12\/28-255x300.png 255w\" sizes=\"(max-width: 444px) 100vw, 444px\" \/>\t\t\t\t\t\t\t\t\t\t\t\t\t\t\t<\/div>\n\t\t\t\t<\/div>\n\t\t\t\t\t<\/div>\n\t\t<\/div>\n\t\t\t\t<div class=\"elementor-column elementor-col-25 elementor-top-column elementor-element elementor-element-3e112f1\" data-id=\"3e112f1\" data-element_type=\"column\">\n\t\t\t<div class=\"elementor-widget-wrap elementor-element-populated\">\n\t\t\t\t\t\t\t\t<div class=\"elementor-element elementor-element-89573f0 elementor-widget elementor-widget-image\" data-id=\"89573f0\" data-element_type=\"widget\" data-settings=\"{&quot;_animation&quot;:&quot;none&quot;}\" data-widget_type=\"image.default\">\n\t\t\t\t<div class=\"elementor-widget-container\">\n\t\t\t\t\t\t\t\t\t\t\t\t\t\t\t<img decoding=\"async\" loading=\"lazy\" width=\"444\" height=\"522\" src=\"https:\/\/servidoil.com\/wp-content\/uploads\/2023\/12\/26.png\" class=\"attachment-large size-large wp-image-506\" alt=\"\" srcset=\"https:\/\/servidoil.com\/wp-content\/uploads\/2023\/12\/26.png 444w, https:\/\/servidoil.com\/wp-content\/uploads\/2023\/12\/26-255x300.png 255w\" sizes=\"(max-width: 444px) 100vw, 444px\" \/>\t\t\t\t\t\t\t\t\t\t\t\t\t\t\t<\/div>\n\t\t\t\t<\/div>\n\t\t\t\t\t<\/div>\n\t\t<\/div>\n\t\t\t\t<div class=\"elementor-column elementor-col-25 elementor-top-column elementor-element elementor-element-417673e\" data-id=\"417673e\" data-element_type=\"column\">\n\t\t\t<div class=\"elementor-widget-wrap elementor-element-populated\">\n\t\t\t\t\t\t\t\t<div class=\"elementor-element elementor-element-75ce5a8 elementor-widget elementor-widget-image\" data-id=\"75ce5a8\" data-element_type=\"widget\" data-settings=\"{&quot;_animation&quot;:&quot;none&quot;}\" data-widget_type=\"image.default\">\n\t\t\t\t<div class=\"elementor-widget-container\">\n\t\t\t\t\t\t\t\t\t\t\t\t\t\t\t<img decoding=\"async\" loading=\"lazy\" width=\"444\" height=\"522\" src=\"https:\/\/servidoil.com\/wp-content\/uploads\/2023\/12\/27.png\" class=\"attachment-large size-large wp-image-507\" alt=\"\" srcset=\"https:\/\/servidoil.com\/wp-content\/uploads\/2023\/12\/27.png 444w, https:\/\/servidoil.com\/wp-content\/uploads\/2023\/12\/27-255x300.png 255w\" sizes=\"(max-width: 444px) 100vw, 444px\" \/>\t\t\t\t\t\t\t\t\t\t\t\t\t\t\t<\/div>\n\t\t\t\t<\/div>\n\t\t\t\t\t<\/div>\n\t\t<\/div>\n\t\t\t\t\t\t\t<\/div>\n\t\t<\/section>\n\t\t\t\t<section class=\"elementor-section elementor-top-section elementor-element elementor-element-c194e16 elementor-section-height-min-height elementor-section-boxed elementor-section-height-default elementor-section-items-middle\" data-id=\"c194e16\" data-element_type=\"section\">\n\t\t\t\t\t\t<div class=\"elementor-container elementor-column-gap-default\">\n\t\t\t\t\t<div class=\"elementor-column elementor-col-100 elementor-top-column elementor-element elementor-element-24ec206\" data-id=\"24ec206\" data-element_type=\"column\">\n\t\t\t<div class=\"elementor-widget-wrap\">\n\t\t\t\t\t\t\t\t\t<\/div>\n\t\t<\/div>\n\t\t\t\t\t\t\t<\/div>\n\t\t<\/section>\n\t\t\t\t\t\t\t<\/div>\n\t\t","protected":false},"excerpt":{"rendered":"<p>Protecci\u00f3n contra ca\u00eddas<\/p>\n","protected":false},"author":1,"featured_media":0,"parent":0,"menu_order":0,"comment_status":"closed","ping_status":"closed","template":"","meta":{"footnotes":""},"yoast_head":"<!-- This site is optimized with the Yoast SEO plugin v21.1 - https:\/\/yoast.com\/wordpress\/plugins\/seo\/ -->\n<title>Protecci\u00f3n contra ca\u00eddas - Servicios y dotaciones OIL<\/title>\n<meta name=\"robots\" content=\"index, follow, max-snippet:-1, max-image-preview:large, max-video-preview:-1\" \/>\n<link rel=\"canonical\" href=\"https:\/\/servidoil.com\/index.php\/proteccion-contra-caidas\/\" \/>\n<meta property=\"og:locale\" content=\"es_ES\" \/>\n<meta property=\"og:type\" content=\"article\" \/>\n<meta property=\"og:title\" content=\"Protecci\u00f3n contra ca\u00eddas - Servicios y dotaciones OIL\" \/>\n<meta property=\"og:description\" content=\"Protecci\u00f3n contra ca\u00eddas\" \/>\n<meta property=\"og:url\" content=\"https:\/\/servidoil.com\/index.php\/proteccion-contra-caidas\/\" \/>\n<meta property=\"og:site_name\" content=\"Servicios y dotaciones OIL\" \/>\n<meta property=\"article:modified_time\" content=\"2024-01-03T17:44:20+00:00\" \/>\n<meta property=\"og:image\" content=\"https:\/\/servidoil.com\/wp-content\/uploads\/2023\/12\/22.png\" \/>\n<meta name=\"twitter:card\" content=\"summary_large_image\" \/>\n<meta name=\"twitter:label1\" content=\"Tiempo de lectura\" \/>\n\t<meta name=\"twitter:data1\" content=\"2 minutos\" \/>\n<script type=\"application\/ld+json\" class=\"yoast-schema-graph\">{\"@context\":\"https:\/\/schema.org\",\"@graph\":[{\"@type\":\"WebPage\",\"@id\":\"https:\/\/servidoil.com\/index.php\/proteccion-contra-caidas\/\",\"url\":\"https:\/\/servidoil.com\/index.php\/proteccion-contra-caidas\/\",\"name\":\"Protecci\u00f3n contra ca\u00eddas - Servicios y dotaciones OIL\",\"isPartOf\":{\"@id\":\"https:\/\/servidoil.com\/#website\"},\"datePublished\":\"2023-12-14T23:11:13+00:00\",\"dateModified\":\"2024-01-03T17:44:20+00:00\",\"breadcrumb\":{\"@id\":\"https:\/\/servidoil.com\/index.php\/proteccion-contra-caidas\/#breadcrumb\"},\"inLanguage\":\"es\",\"potentialAction\":[{\"@type\":\"ReadAction\",\"target\":[\"https:\/\/servidoil.com\/index.php\/proteccion-contra-caidas\/\"]}]},{\"@type\":\"BreadcrumbList\",\"@id\":\"https:\/\/servidoil.com\/index.php\/proteccion-contra-caidas\/#breadcrumb\",\"itemListElement\":[{\"@type\":\"ListItem\",\"position\":1,\"name\":\"Portada\",\"item\":\"https:\/\/servidoil.com\/\"},{\"@type\":\"ListItem\",\"position\":2,\"name\":\"Protecci\u00f3n contra ca\u00eddas\"}]},{\"@type\":\"WebSite\",\"@id\":\"https:\/\/servidoil.com\/#website\",\"url\":\"https:\/\/servidoil.com\/\",\"name\":\"Servicios y dotaciones OIL\",\"description\":\"Dise\u00f1o y fabricaci\u00f3n de Dotaci\u00f3nes y servicios generales\",\"publisher\":{\"@id\":\"https:\/\/servidoil.com\/#organization\"},\"potentialAction\":[{\"@type\":\"SearchAction\",\"target\":{\"@type\":\"EntryPoint\",\"urlTemplate\":\"https:\/\/servidoil.com\/?s={search_term_string}\"},\"query-input\":\"required name=search_term_string\"}],\"inLanguage\":\"es\"},{\"@type\":\"Organization\",\"@id\":\"https:\/\/servidoil.com\/#organization\",\"name\":\"Servicios y dotaciones OIL\",\"url\":\"https:\/\/servidoil.com\/\",\"logo\":{\"@type\":\"ImageObject\",\"inLanguage\":\"es\",\"@id\":\"https:\/\/servidoil.com\/#\/schema\/logo\/image\/\",\"url\":\"https:\/\/servidoil.com\/wp-content\/uploads\/2023\/09\/logo-sin-gota.png\",\"contentUrl\":\"https:\/\/servidoil.com\/wp-content\/uploads\/2023\/09\/logo-sin-gota.png\",\"width\":450,\"height\":450,\"caption\":\"Servicios y dotaciones OIL\"},\"image\":{\"@id\":\"https:\/\/servidoil.com\/#\/schema\/logo\/image\/\"}}]}<\/script>\n<!-- \/ Yoast SEO plugin. -->","yoast_head_json":{"title":"Protecci\u00f3n contra ca\u00eddas - Servicios y dotaciones OIL","robots":{"index":"index","follow":"follow","max-snippet":"max-snippet:-1","max-image-preview":"max-image-preview:large","max-video-preview":"max-video-preview:-1"},"canonical":"https:\/\/servidoil.com\/index.php\/proteccion-contra-caidas\/","og_locale":"es_ES","og_type":"article","og_title":"Protecci\u00f3n contra ca\u00eddas - Servicios y dotaciones OIL","og_description":"Protecci\u00f3n contra ca\u00eddas","og_url":"https:\/\/servidoil.com\/index.php\/proteccion-contra-caidas\/","og_site_name":"Servicios y dotaciones OIL","article_modified_time":"2024-01-03T17:44:20+00:00","og_image":[{"url":"https:\/\/servidoil.com\/wp-content\/uploads\/2023\/12\/22.png"}],"twitter_card":"summary_large_image","twitter_misc":{"Tiempo de lectura":"2 minutos"},"schema":{"@context":"https:\/\/schema.org","@graph":[{"@type":"WebPage","@id":"https:\/\/servidoil.com\/index.php\/proteccion-contra-caidas\/","url":"https:\/\/servidoil.com\/index.php\/proteccion-contra-caidas\/","name":"Protecci\u00f3n contra ca\u00eddas - Servicios y dotaciones OIL","isPartOf":{"@id":"https:\/\/servidoil.com\/#website"},"datePublished":"2023-12-14T23:11:13+00:00","dateModified":"2024-01-03T17:44:20+00:00","breadcrumb":{"@id":"https:\/\/servidoil.com\/index.php\/proteccion-contra-caidas\/#breadcrumb"},"inLanguage":"es","potentialAction":[{"@type":"ReadAction","target":["https:\/\/servidoil.com\/index.php\/proteccion-contra-caidas\/"]}]},{"@type":"BreadcrumbList","@id":"https:\/\/servidoil.com\/index.php\/proteccion-contra-caidas\/#breadcrumb","itemListElement":[{"@type":"ListItem","position":1,"name":"Portada","item":"https:\/\/servidoil.com\/"},{"@type":"ListItem","position":2,"name":"Protecci\u00f3n contra ca\u00eddas"}]},{"@type":"WebSite","@id":"https:\/\/servidoil.com\/#website","url":"https:\/\/servidoil.com\/","name":"Servicios y dotaciones OIL","description":"Dise\u00f1o y fabricaci\u00f3n de Dotaci\u00f3nes y servicios generales","publisher":{"@id":"https:\/\/servidoil.com\/#organization"},"potentialAction":[{"@type":"SearchAction","target":{"@type":"EntryPoint","urlTemplate":"https:\/\/servidoil.com\/?s={search_term_string}"},"query-input":"required name=search_term_string"}],"inLanguage":"es"},{"@type":"Organization","@id":"https:\/\/servidoil.com\/#organization","name":"Servicios y dotaciones OIL","url":"https:\/\/servidoil.com\/","logo":{"@type":"ImageObject","inLanguage":"es","@id":"https:\/\/servidoil.com\/#\/schema\/logo\/image\/","url":"https:\/\/servidoil.com\/wp-content\/uploads\/2023\/09\/logo-sin-gota.png","contentUrl":"https:\/\/servidoil.com\/wp-content\/uploads\/2023\/09\/logo-sin-gota.png","width":450,"height":450,"caption":"Servicios y dotaciones OIL"},"image":{"@id":"https:\/\/servidoil.com\/#\/schema\/logo\/image\/"}}]}},"_links":{"self":[{"href":"https:\/\/servidoil.com\/index.php\/wp-json\/wp\/v2\/pages\/487"}],"collection":[{"href":"https:\/\/servidoil.com\/index.php\/wp-json\/wp\/v2\/pages"}],"about":[{"href":"https:\/\/servidoil.com\/index.php\/wp-json\/wp\/v2\/types\/page"}],"author":[{"embeddable":true,"href":"https:\/\/servidoil.com\/index.php\/wp-json\/wp\/v2\/users\/1"}],"replies":[{"embeddable":true,"href":"https:\/\/servidoil.com\/index.php\/wp-json\/wp\/v2\/comments?post=487"}],"version-history":[{"count":34,"href":"https:\/\/servidoil.com\/index.php\/wp-json\/wp\/v2\/pages\/487\/revisions"}],"predecessor-version":[{"id":647,"href":"https:\/\/servidoil.com\/index.php\/wp-json\/wp\/v2\/pages\/487\/revisions\/647"}],"wp:attachment":[{"href":"https:\/\/servidoil.com\/index.php\/wp-json\/wp\/v2\/media?parent=487"}],"curies":[{"name":"wp","href":"https:\/\/api.w.org\/{rel}","templated":true}]}}