{"id":840,"date":"2024-10-17T17:10:10","date_gmt":"2024-10-17T22:10:10","guid":{"rendered":"https:\/\/servidoil.com\/?page_id=840"},"modified":"2024-10-25T08:54:19","modified_gmt":"2024-10-25T13:54:19","slug":"linea-ignifuga","status":"publish","type":"page","link":"https:\/\/servidoil.com\/index.php\/linea-ignifuga\/","title":{"rendered":"L\u00ednea Ignifuga"},"content":{"rendered":"\t\t<div data-elementor-type=\"wp-page\" data-elementor-id=\"840\" class=\"elementor elementor-840\" data-elementor-post-type=\"page\">\n\t\t\t\t\t\t\t\t\t<section class=\"elementor-section elementor-top-section elementor-element elementor-element-9cb74ec elementor-section-boxed elementor-section-height-default elementor-section-height-default\" data-id=\"9cb74ec\" data-element_type=\"section\" data-settings=\"{&quot;background_background&quot;:&quot;classic&quot;}\">\n\t\t\t\t\t\t<div class=\"elementor-container elementor-column-gap-default\">\n\t\t\t\t\t<div class=\"elementor-column elementor-col-100 elementor-top-column elementor-element elementor-element-facb838\" data-id=\"facb838\" data-element_type=\"column\">\n\t\t\t<div class=\"elementor-widget-wrap elementor-element-populated\">\n\t\t\t\t\t\t\t\t<div class=\"elementor-element elementor-element-017fb8c elementor-widget elementor-widget-heading\" data-id=\"017fb8c\" data-element_type=\"widget\" data-widget_type=\"heading.default\">\n\t\t\t\t<div class=\"elementor-widget-container\">\n\t\t\t<style>\/*! elementor - v3.15.0 - 20-08-2023 *\/\n.elementor-heading-title{padding:0;margin:0;line-height:1}.elementor-widget-heading .elementor-heading-title[class*=elementor-size-]>a{color:inherit;font-size:inherit;line-height:inherit}.elementor-widget-heading .elementor-heading-title.elementor-size-small{font-size:15px}.elementor-widget-heading .elementor-heading-title.elementor-size-medium{font-size:19px}.elementor-widget-heading .elementor-heading-title.elementor-size-large{font-size:29px}.elementor-widget-heading .elementor-heading-title.elementor-size-xl{font-size:39px}.elementor-widget-heading .elementor-heading-title.elementor-size-xxl{font-size:59px}<\/style><h2 class=\"elementor-heading-title elementor-size-default\">L\u00ednea\nIgnifuga<\/h2>\t\t<\/div>\n\t\t\t\t<\/div>\n\t\t\t\t\t<\/div>\n\t\t<\/div>\n\t\t\t\t\t\t\t<\/div>\n\t\t<\/section>\n\t\t\t\t<section class=\"elementor-section elementor-top-section elementor-element elementor-element-4ad1f1e elementor-section-height-min-height elementor-section-boxed elementor-section-height-default elementor-section-items-middle\" data-id=\"4ad1f1e\" data-element_type=\"section\">\n\t\t\t\t\t\t<div class=\"elementor-container elementor-column-gap-default\">\n\t\t\t\t\t<div class=\"elementor-column elementor-col-100 elementor-top-column elementor-element elementor-element-d8abfe5\" data-id=\"d8abfe5\" data-element_type=\"column\">\n\t\t\t<div class=\"elementor-widget-wrap\">\n\t\t\t\t\t\t\t\t\t<\/div>\n\t\t<\/div>\n\t\t\t\t\t\t\t<\/div>\n\t\t<\/section>\n\t\t\t\t<section class=\"elementor-section elementor-top-section elementor-element elementor-element-2d7e2ee elementor-section-height-min-height elementor-section-items-stretch elementor-section-boxed elementor-section-height-default\" data-id=\"2d7e2ee\" data-element_type=\"section\">\n\t\t\t\t\t\t<div class=\"elementor-container elementor-column-gap-default\">\n\t\t\t\t\t<div class=\"elementor-column elementor-col-25 elementor-top-column elementor-element elementor-element-d2f3bef\" data-id=\"d2f3bef\" data-element_type=\"column\">\n\t\t\t<div class=\"elementor-widget-wrap elementor-element-populated\">\n\t\t\t\t\t\t\t\t<div class=\"elementor-element elementor-element-0eaf1be elementor-widget elementor-widget-image\" data-id=\"0eaf1be\" data-element_type=\"widget\" data-settings=\"{&quot;_animation&quot;:&quot;none&quot;}\" data-widget_type=\"image.default\">\n\t\t\t\t<div class=\"elementor-widget-container\">\n\t\t\t<style>\/*! elementor - v3.15.0 - 20-08-2023 *\/\n.elementor-widget-image{text-align:center}.elementor-widget-image a{display:inline-block}.elementor-widget-image a img[src$=\".svg\"]{width:48px}.elementor-widget-image img{vertical-align:middle;display:inline-block}<\/style>\t\t\t\t\t\t\t\t\t\t\t\t<img decoding=\"async\" loading=\"lazy\" width=\"444\" height=\"522\" src=\"https:\/\/servidoil.com\/wp-content\/uploads\/2024\/10\/54.png\" class=\"attachment-large size-large wp-image-848\" alt=\"\" srcset=\"https:\/\/servidoil.com\/wp-content\/uploads\/2024\/10\/54.png 444w, https:\/\/servidoil.com\/wp-content\/uploads\/2024\/10\/54-255x300.png 255w\" sizes=\"(max-width: 444px) 100vw, 444px\" \/>\t\t\t\t\t\t\t\t\t\t\t\t\t\t\t<\/div>\n\t\t\t\t<\/div>\n\t\t\t\t\t<\/div>\n\t\t<\/div>\n\t\t\t\t<div class=\"elementor-column elementor-col-25 elementor-top-column elementor-element elementor-element-a87b62e\" data-id=\"a87b62e\" data-element_type=\"column\">\n\t\t\t<div class=\"elementor-widget-wrap elementor-element-populated\">\n\t\t\t\t\t\t\t\t<div class=\"elementor-element elementor-element-01d7094 elementor-widget elementor-widget-image\" data-id=\"01d7094\" data-element_type=\"widget\" data-settings=\"{&quot;_animation&quot;:&quot;none&quot;}\" data-widget_type=\"image.default\">\n\t\t\t\t<div class=\"elementor-widget-container\">\n\t\t\t\t\t\t\t\t\t\t\t\t\t\t\t<img decoding=\"async\" loading=\"lazy\" width=\"444\" height=\"522\" src=\"https:\/\/servidoil.com\/wp-content\/uploads\/2024\/10\/53.png\" class=\"attachment-large size-large wp-image-847\" alt=\"\" srcset=\"https:\/\/servidoil.com\/wp-content\/uploads\/2024\/10\/53.png 444w, https:\/\/servidoil.com\/wp-content\/uploads\/2024\/10\/53-255x300.png 255w\" sizes=\"(max-width: 444px) 100vw, 444px\" \/>\t\t\t\t\t\t\t\t\t\t\t\t\t\t\t<\/div>\n\t\t\t\t<\/div>\n\t\t\t\t\t<\/div>\n\t\t<\/div>\n\t\t\t\t<div class=\"elementor-column elementor-col-25 elementor-top-column elementor-element elementor-element-edc3488\" data-id=\"edc3488\" data-element_type=\"column\">\n\t\t\t<div class=\"elementor-widget-wrap elementor-element-populated\">\n\t\t\t\t\t\t\t\t<div class=\"elementor-element elementor-element-174d77f elementor-widget elementor-widget-image\" data-id=\"174d77f\" data-element_type=\"widget\" data-settings=\"{&quot;_animation&quot;:&quot;none&quot;}\" data-widget_type=\"image.default\">\n\t\t\t\t<div class=\"elementor-widget-container\">\n\t\t\t\t\t\t\t\t\t\t\t\t\t\t\t<img decoding=\"async\" loading=\"lazy\" width=\"444\" height=\"522\" src=\"https:\/\/servidoil.com\/wp-content\/uploads\/2024\/10\/56.png\" class=\"attachment-large size-large wp-image-850\" alt=\"\" srcset=\"https:\/\/servidoil.com\/wp-content\/uploads\/2024\/10\/56.png 444w, https:\/\/servidoil.com\/wp-content\/uploads\/2024\/10\/56-255x300.png 255w\" sizes=\"(max-width: 444px) 100vw, 444px\" \/>\t\t\t\t\t\t\t\t\t\t\t\t\t\t\t<\/div>\n\t\t\t\t<\/div>\n\t\t\t\t\t<\/div>\n\t\t<\/div>\n\t\t\t\t<div class=\"elementor-column elementor-col-25 elementor-top-column elementor-element elementor-element-f491941\" data-id=\"f491941\" data-element_type=\"column\">\n\t\t\t<div class=\"elementor-widget-wrap elementor-element-populated\">\n\t\t\t\t\t\t\t\t<div class=\"elementor-element elementor-element-9235b8e elementor-widget elementor-widget-image\" data-id=\"9235b8e\" data-element_type=\"widget\" data-settings=\"{&quot;_animation&quot;:&quot;none&quot;}\" data-widget_type=\"image.default\">\n\t\t\t\t<div class=\"elementor-widget-container\">\n\t\t\t\t\t\t\t\t\t\t\t\t\t\t\t<img decoding=\"async\" loading=\"lazy\" width=\"444\" height=\"522\" src=\"https:\/\/servidoil.com\/wp-content\/uploads\/2024\/10\/57.png\" class=\"attachment-large size-large wp-image-851\" alt=\"\" srcset=\"https:\/\/servidoil.com\/wp-content\/uploads\/2024\/10\/57.png 444w, https:\/\/servidoil.com\/wp-content\/uploads\/2024\/10\/57-255x300.png 255w\" sizes=\"(max-width: 444px) 100vw, 444px\" \/>\t\t\t\t\t\t\t\t\t\t\t\t\t\t\t<\/div>\n\t\t\t\t<\/div>\n\t\t\t\t\t<\/div>\n\t\t<\/div>\n\t\t\t\t\t\t\t<\/div>\n\t\t<\/section>\n\t\t\t\t<section class=\"elementor-section elementor-top-section elementor-element elementor-element-a3d540c elementor-section-height-min-height elementor-section-boxed elementor-section-height-default elementor-section-items-middle\" data-id=\"a3d540c\" data-element_type=\"section\">\n\t\t\t\t\t\t<div class=\"elementor-container elementor-column-gap-default\">\n\t\t\t\t\t<div class=\"elementor-column elementor-col-50 elementor-top-column elementor-element elementor-element-12f2cb3\" data-id=\"12f2cb3\" data-element_type=\"column\">\n\t\t\t<div class=\"elementor-widget-wrap elementor-element-populated\">\n\t\t\t\t\t\t\t\t<div class=\"elementor-element elementor-element-4bfec9f elementor-widget elementor-widget-image\" data-id=\"4bfec9f\" data-element_type=\"widget\" data-settings=\"{&quot;_animation&quot;:&quot;none&quot;}\" data-widget_type=\"image.default\">\n\t\t\t\t<div class=\"elementor-widget-container\">\n\t\t\t\t\t\t\t\t\t\t\t\t\t\t\t<img decoding=\"async\" loading=\"lazy\" width=\"444\" height=\"522\" src=\"https:\/\/servidoil.com\/wp-content\/uploads\/2024\/10\/55.png\" class=\"attachment-large size-large wp-image-849\" alt=\"\" srcset=\"https:\/\/servidoil.com\/wp-content\/uploads\/2024\/10\/55.png 444w, https:\/\/servidoil.com\/wp-content\/uploads\/2024\/10\/55-255x300.png 255w\" sizes=\"(max-width: 444px) 100vw, 444px\" \/>\t\t\t\t\t\t\t\t\t\t\t\t\t\t\t<\/div>\n\t\t\t\t<\/div>\n\t\t\t\t\t<\/div>\n\t\t<\/div>\n\t\t\t\t<div class=\"elementor-column elementor-col-50 elementor-top-column elementor-element elementor-element-de21dcb\" data-id=\"de21dcb\" data-element_type=\"column\">\n\t\t\t<div class=\"elementor-widget-wrap elementor-element-populated\">\n\t\t\t\t\t\t\t\t<div class=\"elementor-element elementor-element-130c7a5 elementor-widget elementor-widget-image\" data-id=\"130c7a5\" data-element_type=\"widget\" data-settings=\"{&quot;_animation&quot;:&quot;none&quot;}\" data-widget_type=\"image.default\">\n\t\t\t\t<div class=\"elementor-widget-container\">\n\t\t\t\t\t\t\t\t\t\t\t\t\t\t\t<img decoding=\"async\" loading=\"lazy\" width=\"444\" height=\"522\" src=\"https:\/\/servidoil.com\/wp-content\/uploads\/2024\/10\/58.png\" class=\"attachment-large size-large wp-image-852\" alt=\"\" srcset=\"https:\/\/servidoil.com\/wp-content\/uploads\/2024\/10\/58.png 444w, https:\/\/servidoil.com\/wp-content\/uploads\/2024\/10\/58-255x300.png 255w\" sizes=\"(max-width: 444px) 100vw, 444px\" \/>\t\t\t\t\t\t\t\t\t\t\t\t\t\t\t<\/div>\n\t\t\t\t<\/div>\n\t\t\t\t\t<\/div>\n\t\t<\/div>\n\t\t\t\t\t\t\t<\/div>\n\t\t<\/section>\n\t\t\t\t\t\t\t<\/div>\n\t\t","protected":false},"excerpt":{"rendered":"<p>L\u00ednea Ignifuga<\/p>\n","protected":false},"author":1,"featured_media":0,"parent":0,"menu_order":0,"comment_status":"closed","ping_status":"closed","template":"","meta":{"footnotes":""},"yoast_head":"<!-- This site is optimized with the Yoast SEO plugin v21.1 - https:\/\/yoast.com\/wordpress\/plugins\/seo\/ -->\n<title>L\u00ednea Ignifuga - Servicios y dotaciones OIL<\/title>\n<meta name=\"robots\" content=\"index, follow, max-snippet:-1, max-image-preview:large, max-video-preview:-1\" \/>\n<link rel=\"canonical\" href=\"https:\/\/servidoil.com\/index.php\/linea-ignifuga\/\" \/>\n<meta property=\"og:locale\" content=\"es_ES\" \/>\n<meta property=\"og:type\" content=\"article\" \/>\n<meta property=\"og:title\" content=\"L\u00ednea Ignifuga - Servicios y dotaciones OIL\" \/>\n<meta property=\"og:description\" content=\"L\u00ednea Ignifuga\" \/>\n<meta property=\"og:url\" content=\"https:\/\/servidoil.com\/index.php\/linea-ignifuga\/\" \/>\n<meta property=\"og:site_name\" content=\"Servicios y dotaciones OIL\" \/>\n<meta property=\"article:modified_time\" content=\"2024-10-25T13:54:19+00:00\" \/>\n<meta property=\"og:image\" content=\"https:\/\/servidoil.com\/wp-content\/uploads\/2024\/10\/54.png\" \/>\n<meta name=\"twitter:card\" content=\"summary_large_image\" \/>\n<meta name=\"twitter:label1\" content=\"Tiempo de lectura\" \/>\n\t<meta name=\"twitter:data1\" content=\"2 minutos\" \/>\n<script type=\"application\/ld+json\" class=\"yoast-schema-graph\">{\"@context\":\"https:\/\/schema.org\",\"@graph\":[{\"@type\":\"WebPage\",\"@id\":\"https:\/\/servidoil.com\/index.php\/linea-ignifuga\/\",\"url\":\"https:\/\/servidoil.com\/index.php\/linea-ignifuga\/\",\"name\":\"L\u00ednea Ignifuga - Servicios y dotaciones OIL\",\"isPartOf\":{\"@id\":\"https:\/\/servidoil.com\/#website\"},\"datePublished\":\"2024-10-17T22:10:10+00:00\",\"dateModified\":\"2024-10-25T13:54:19+00:00\",\"breadcrumb\":{\"@id\":\"https:\/\/servidoil.com\/index.php\/linea-ignifuga\/#breadcrumb\"},\"inLanguage\":\"es\",\"potentialAction\":[{\"@type\":\"ReadAction\",\"target\":[\"https:\/\/servidoil.com\/index.php\/linea-ignifuga\/\"]}]},{\"@type\":\"BreadcrumbList\",\"@id\":\"https:\/\/servidoil.com\/index.php\/linea-ignifuga\/#breadcrumb\",\"itemListElement\":[{\"@type\":\"ListItem\",\"position\":1,\"name\":\"Portada\",\"item\":\"https:\/\/servidoil.com\/\"},{\"@type\":\"ListItem\",\"position\":2,\"name\":\"L\u00ednea Ignifuga\"}]},{\"@type\":\"WebSite\",\"@id\":\"https:\/\/servidoil.com\/#website\",\"url\":\"https:\/\/servidoil.com\/\",\"name\":\"Servicios y dotaciones OIL\",\"description\":\"Dise\u00f1o y fabricaci\u00f3n de Dotaci\u00f3nes y servicios generales\",\"publisher\":{\"@id\":\"https:\/\/servidoil.com\/#organization\"},\"potentialAction\":[{\"@type\":\"SearchAction\",\"target\":{\"@type\":\"EntryPoint\",\"urlTemplate\":\"https:\/\/servidoil.com\/?s={search_term_string}\"},\"query-input\":\"required name=search_term_string\"}],\"inLanguage\":\"es\"},{\"@type\":\"Organization\",\"@id\":\"https:\/\/servidoil.com\/#organization\",\"name\":\"Servicios y dotaciones OIL\",\"url\":\"https:\/\/servidoil.com\/\",\"logo\":{\"@type\":\"ImageObject\",\"inLanguage\":\"es\",\"@id\":\"https:\/\/servidoil.com\/#\/schema\/logo\/image\/\",\"url\":\"https:\/\/servidoil.com\/wp-content\/uploads\/2023\/09\/logo-sin-gota.png\",\"contentUrl\":\"https:\/\/servidoil.com\/wp-content\/uploads\/2023\/09\/logo-sin-gota.png\",\"width\":450,\"height\":450,\"caption\":\"Servicios y dotaciones OIL\"},\"image\":{\"@id\":\"https:\/\/servidoil.com\/#\/schema\/logo\/image\/\"}}]}<\/script>\n<!-- \/ Yoast SEO plugin. -->","yoast_head_json":{"title":"L\u00ednea Ignifuga - Servicios y dotaciones OIL","robots":{"index":"index","follow":"follow","max-snippet":"max-snippet:-1","max-image-preview":"max-image-preview:large","max-video-preview":"max-video-preview:-1"},"canonical":"https:\/\/servidoil.com\/index.php\/linea-ignifuga\/","og_locale":"es_ES","og_type":"article","og_title":"L\u00ednea Ignifuga - Servicios y dotaciones OIL","og_description":"L\u00ednea Ignifuga","og_url":"https:\/\/servidoil.com\/index.php\/linea-ignifuga\/","og_site_name":"Servicios y dotaciones OIL","article_modified_time":"2024-10-25T13:54:19+00:00","og_image":[{"url":"https:\/\/servidoil.com\/wp-content\/uploads\/2024\/10\/54.png"}],"twitter_card":"summary_large_image","twitter_misc":{"Tiempo de lectura":"2 minutos"},"schema":{"@context":"https:\/\/schema.org","@graph":[{"@type":"WebPage","@id":"https:\/\/servidoil.com\/index.php\/linea-ignifuga\/","url":"https:\/\/servidoil.com\/index.php\/linea-ignifuga\/","name":"L\u00ednea Ignifuga - Servicios y dotaciones OIL","isPartOf":{"@id":"https:\/\/servidoil.com\/#website"},"datePublished":"2024-10-17T22:10:10+00:00","dateModified":"2024-10-25T13:54:19+00:00","breadcrumb":{"@id":"https:\/\/servidoil.com\/index.php\/linea-ignifuga\/#breadcrumb"},"inLanguage":"es","potentialAction":[{"@type":"ReadAction","target":["https:\/\/servidoil.com\/index.php\/linea-ignifuga\/"]}]},{"@type":"BreadcrumbList","@id":"https:\/\/servidoil.com\/index.php\/linea-ignifuga\/#breadcrumb","itemListElement":[{"@type":"ListItem","position":1,"name":"Portada","item":"https:\/\/servidoil.com\/"},{"@type":"ListItem","position":2,"name":"L\u00ednea Ignifuga"}]},{"@type":"WebSite","@id":"https:\/\/servidoil.com\/#website","url":"https:\/\/servidoil.com\/","name":"Servicios y dotaciones OIL","description":"Dise\u00f1o y fabricaci\u00f3n de Dotaci\u00f3nes y servicios generales","publisher":{"@id":"https:\/\/servidoil.com\/#organization"},"potentialAction":[{"@type":"SearchAction","target":{"@type":"EntryPoint","urlTemplate":"https:\/\/servidoil.com\/?s={search_term_string}"},"query-input":"required name=search_term_string"}],"inLanguage":"es"},{"@type":"Organization","@id":"https:\/\/servidoil.com\/#organization","name":"Servicios y dotaciones OIL","url":"https:\/\/servidoil.com\/","logo":{"@type":"ImageObject","inLanguage":"es","@id":"https:\/\/servidoil.com\/#\/schema\/logo\/image\/","url":"https:\/\/servidoil.com\/wp-content\/uploads\/2023\/09\/logo-sin-gota.png","contentUrl":"https:\/\/servidoil.com\/wp-content\/uploads\/2023\/09\/logo-sin-gota.png","width":450,"height":450,"caption":"Servicios y dotaciones OIL"},"image":{"@id":"https:\/\/servidoil.com\/#\/schema\/logo\/image\/"}}]}},"_links":{"self":[{"href":"https:\/\/servidoil.com\/index.php\/wp-json\/wp\/v2\/pages\/840"}],"collection":[{"href":"https:\/\/servidoil.com\/index.php\/wp-json\/wp\/v2\/pages"}],"about":[{"href":"https:\/\/servidoil.com\/index.php\/wp-json\/wp\/v2\/types\/page"}],"author":[{"embeddable":true,"href":"https:\/\/servidoil.com\/index.php\/wp-json\/wp\/v2\/users\/1"}],"replies":[{"embeddable":true,"href":"https:\/\/servidoil.com\/index.php\/wp-json\/wp\/v2\/comments?post=840"}],"version-history":[{"count":13,"href":"https:\/\/servidoil.com\/index.php\/wp-json\/wp\/v2\/pages\/840\/revisions"}],"predecessor-version":[{"id":861,"href":"https:\/\/servidoil.com\/index.php\/wp-json\/wp\/v2\/pages\/840\/revisions\/861"}],"wp:attachment":[{"href":"https:\/\/servidoil.com\/index.php\/wp-json\/wp\/v2\/media?parent=840"}],"curies":[{"name":"wp","href":"https:\/\/api.w.org\/{rel}","templated":true}]}}